{"id":277,"date":"2021-07-21T10:41:26","date_gmt":"2021-07-21T08:41:26","guid":{"rendered":"https:\/\/www.bbilcovo.com\/?page_id=277"},"modified":"2021-07-30T14:24:18","modified_gmt":"2021-07-30T12:24:18","slug":"il-covo","status":"publish","type":"page","link":"https:\/\/www.bbilcovo.com\/de\/","title":{"rendered":"Il Covo"},"content":{"rendered":"<div class=\"fusion-fullwidth fullwidth-box fusion-builder-row-1 fusion-flex-container nonhundred-percent-fullwidth non-hundred-percent-height-scrolling\" style=\"background-color: rgba(255,255,255,0);background-position: center center;background-repeat: no-repeat;border-width: 0px 0px 0px 0px;border-color:#e2e2e2;border-style:solid;\" ><div class=\"fusion-builder-row fusion-row fusion-flex-align-items-flex-start\" style=\"max-width:1248px;margin-left: calc(-4% \/ 2 );margin-right: calc(-4% \/ 2 );\"><div class=\"fusion-layout-column fusion_builder_column fusion-builder-column-0 fusion_builder_column_1_1 1_1 fusion-flex-column\"><div class=\"fusion-column-wrapper fusion-flex-justify-content-flex-start fusion-content-layout-column\" style=\"background-position:left top;background-repeat:no-repeat;-webkit-background-size:cover;-moz-background-size:cover;-o-background-size:cover;background-size:cover;padding: 0px 0px 0px 0px;\"><style type=\"text\/css\">@media only screen and (max-width:1024px) {.fusion-title.fusion-title-1{margin-top:10px!important; margin-right:0px!important;margin-bottom:15px!important;margin-left:0px!important;}}@media only screen and (max-width:640px) {.fusion-title.fusion-title-1{margin-top:10px!important; margin-right:0px!important;margin-bottom:10px!important; margin-left:0px!important;}}<\/style><div class=\"fusion-title title fusion-title-1 fusion-sep-none fusion-title-center fusion-title-text fusion-title-size-one\" style=\"margin-top:10px;margin-right:0px;margin-bottom:15px;margin-left:0px;\"><h1 class=\"title-heading-center\" style=\"margin:0;\">Il Covo<\/h1><\/div><div class=\"fusion-text fusion-text-1\"><p><strong>Il Covo<\/strong> ist ein B &amp; B, idyllisch und elegant zugleich. Das Il Covo liegt im Herzen Roms, nur wenige Schritte von den symbolischen Denkm\u00e4lern der Stadt entfernt und hei\u00dft seine G\u00e4ste in einem der sch\u00f6nsten Viertel Roms, dem Rione Monti, willkommen. Das Haus liegt ca. 500 Meter vom Quirinalspalast und 700 Meter von der Piazza Venezia entfernt.<\/p>\n<p>Das B&amp;B Il Covo gilt als eines der Unterk\u00fcnfte in Rom mit Blick auf das Kolosseum und verf\u00fcgt \u00fcber eine Bar und kostenfreies WLAN. Dar\u00fcber hinaus steht Ihnen die Rezeption rund um die Uhr zur Verf\u00fcgung, um Ihnen alle W\u00fcnsche zu erf\u00fcllen.<\/p>\n<p>Komfort und Bequemlichkeit sind die Schl\u00fcsselw\u00f6rter des Hotels, die f\u00fcr jede Art von Urlaub, Arbeit oder auf andere Weise geeignet sind. Probieren Sie w\u00e4hrend des Fr\u00fchst\u00fccks die Spezialit\u00e4ten unseres Buffets und genie\u00dfen Sie von unserer Terrasse das herrliche Panorama \u00fcber Rom<\/p>\n<p>Alle Zimmer sind mit modernstem Komfort ausgestattet. Klimaanlage, Minibar, Sat-TV, eigenes Bad, WLAN und vieles mehr. Sie k\u00f6nnen aus einer Vielzahl von Zimmern w\u00e4hlen, die f\u00fcr Sie und Ihre Familie geeignet sind. Die M\u00f6bel, in einer perfekten Mischung aus Klassik und Moderne, versetzen den Besucher in eine m\u00e4rchenhafte Atmosph\u00e4re.<\/p>\n<p>Mitten im Herzen des Antiken Roms.<\/p>\n<\/div><\/div><style type=\"text\/css\">.fusion-body .fusion-builder-column-0{width:100% !important;margin-top : 0px;margin-bottom : 0px;}.fusion-builder-column-0 > .fusion-column-wrapper {padding-top : 0px !important;padding-right : 0px !important;margin-right : 1.92%;padding-bottom : 0px !important;padding-left : 0px !important;margin-left : 1.92%;}@media only screen and (max-width:1024px) {.fusion-body .fusion-builder-column-0{width:100% !important;}.fusion-builder-column-0 > .fusion-column-wrapper {margin-right : 1.92%;margin-left : 1.92%;}}@media only screen and (max-width:640px) {.fusion-body .fusion-builder-column-0{width:100% !important;}.fusion-builder-column-0 > .fusion-column-wrapper {margin-right : 1.92%;margin-left : 1.92%;}}<\/style><\/div><\/div><style type=\"text\/css\">.fusion-body .fusion-flex-container.fusion-builder-row-1{ padding-top : 0px;margin-top : 0px;padding-right : 0px;padding-bottom : 0px;margin-bottom : 0px;padding-left : 0px;}<\/style><\/div>\n","protected":false},"excerpt":{"rendered":"","protected":false},"author":2,"featured_media":0,"parent":0,"menu_order":0,"comment_status":"closed","ping_status":"closed","template":"100-width.php","meta":{"footnotes":""},"class_list":["post-277","page","type-page","status-publish","hentry"],"yoast_head":"<!-- This site is optimized with the Yoast SEO plugin v16.7 - https:\/\/yoast.com\/wordpress\/plugins\/seo\/ -->\n<title>Il Covo - Il Covo<\/title>\n<meta name=\"robots\" content=\"index, follow, max-snippet:-1, max-image-preview:large, max-video-preview:-1\" \/>\n<link rel=\"canonical\" href=\"https:\/\/www.bbilcovo.com\/de\/il-covo\/\" \/>\n<meta property=\"og:locale\" content=\"de_DE\" \/>\n<meta property=\"og:type\" content=\"article\" \/>\n<meta property=\"og:title\" content=\"Il Covo - Il Covo\" \/>\n<meta property=\"og:url\" content=\"https:\/\/www.bbilcovo.com\/de\/il-covo\/\" \/>\n<meta property=\"og:site_name\" content=\"Il Covo\" \/>\n<meta property=\"article:modified_time\" content=\"2021-07-30T12:24:18+00:00\" \/>\n<meta name=\"twitter:card\" content=\"summary_large_image\" \/>\n<meta name=\"twitter:label1\" content=\"Gesch\u00e4tzte Lesezeit\" \/>\n\t<meta name=\"twitter:data1\" content=\"3\u00a0Minuten\" \/>\n<script type=\"application\/ld+json\" class=\"yoast-schema-graph\">{\"@context\":\"https:\/\/schema.org\",\"@graph\":[{\"@type\":\"WebSite\",\"@id\":\"https:\/\/www.bbilcovo.com\/#website\",\"url\":\"https:\/\/www.bbilcovo.com\/\",\"name\":\"Il Covo\",\"description\":\"Motto Il Covo\",\"potentialAction\":[{\"@type\":\"SearchAction\",\"target\":{\"@type\":\"EntryPoint\",\"urlTemplate\":\"https:\/\/www.bbilcovo.com\/?s={search_term_string}\"},\"query-input\":\"required name=search_term_string\"}],\"inLanguage\":\"de\"},{\"@type\":\"WebPage\",\"@id\":\"https:\/\/www.bbilcovo.com\/de\/il-covo\/#webpage\",\"url\":\"https:\/\/www.bbilcovo.com\/de\/il-covo\/\",\"name\":\"Il Covo - Il Covo\",\"isPartOf\":{\"@id\":\"https:\/\/www.bbilcovo.com\/#website\"},\"datePublished\":\"2021-07-21T08:41:26+00:00\",\"dateModified\":\"2021-07-30T12:24:18+00:00\",\"breadcrumb\":{\"@id\":\"https:\/\/www.bbilcovo.com\/de\/il-covo\/#breadcrumb\"},\"inLanguage\":\"de\",\"potentialAction\":[{\"@type\":\"ReadAction\",\"target\":[\"https:\/\/www.bbilcovo.com\/de\/il-covo\/\"]}]},{\"@type\":\"BreadcrumbList\",\"@id\":\"https:\/\/www.bbilcovo.com\/de\/il-covo\/#breadcrumb\",\"itemListElement\":[{\"@type\":\"ListItem\",\"position\":1,\"name\":\"Home\",\"item\":\"https:\/\/www.bbilcovo.com\/de\/il-covo\/\"},{\"@type\":\"ListItem\",\"position\":2,\"name\":\"Il Covo\"}]}]}<\/script>\n<!-- \/ Yoast SEO plugin. -->","yoast_head_json":{"title":"Il Covo - Il Covo","robots":{"index":"index","follow":"follow","max-snippet":"max-snippet:-1","max-image-preview":"max-image-preview:large","max-video-preview":"max-video-preview:-1"},"canonical":"https:\/\/www.bbilcovo.com\/de\/il-covo\/","og_locale":"de_DE","og_type":"article","og_title":"Il Covo - Il Covo","og_url":"https:\/\/www.bbilcovo.com\/de\/il-covo\/","og_site_name":"Il Covo","article_modified_time":"2021-07-30T12:24:18+00:00","twitter_card":"summary_large_image","twitter_misc":{"Gesch\u00e4tzte Lesezeit":"3\u00a0Minuten"},"schema":{"@context":"https:\/\/schema.org","@graph":[{"@type":"WebSite","@id":"https:\/\/www.bbilcovo.com\/#website","url":"https:\/\/www.bbilcovo.com\/","name":"Il Covo","description":"Motto Il Covo","potentialAction":[{"@type":"SearchAction","target":{"@type":"EntryPoint","urlTemplate":"https:\/\/www.bbilcovo.com\/?s={search_term_string}"},"query-input":"required name=search_term_string"}],"inLanguage":"de"},{"@type":"WebPage","@id":"https:\/\/www.bbilcovo.com\/de\/il-covo\/#webpage","url":"https:\/\/www.bbilcovo.com\/de\/il-covo\/","name":"Il Covo - Il Covo","isPartOf":{"@id":"https:\/\/www.bbilcovo.com\/#website"},"datePublished":"2021-07-21T08:41:26+00:00","dateModified":"2021-07-30T12:24:18+00:00","breadcrumb":{"@id":"https:\/\/www.bbilcovo.com\/de\/il-covo\/#breadcrumb"},"inLanguage":"de","potentialAction":[{"@type":"ReadAction","target":["https:\/\/www.bbilcovo.com\/de\/il-covo\/"]}]},{"@type":"BreadcrumbList","@id":"https:\/\/www.bbilcovo.com\/de\/il-covo\/#breadcrumb","itemListElement":[{"@type":"ListItem","position":1,"name":"Home","item":"https:\/\/www.bbilcovo.com\/de\/il-covo\/"},{"@type":"ListItem","position":2,"name":"Il Covo"}]}]}},"_links":{"self":[{"href":"https:\/\/www.bbilcovo.com\/de\/wp-json\/wp\/v2\/pages\/277","targetHints":{"allow":["GET"]}}],"collection":[{"href":"https:\/\/www.bbilcovo.com\/de\/wp-json\/wp\/v2\/pages"}],"about":[{"href":"https:\/\/www.bbilcovo.com\/de\/wp-json\/wp\/v2\/types\/page"}],"author":[{"embeddable":true,"href":"https:\/\/www.bbilcovo.com\/de\/wp-json\/wp\/v2\/users\/2"}],"replies":[{"embeddable":true,"href":"https:\/\/www.bbilcovo.com\/de\/wp-json\/wp\/v2\/comments?post=277"}],"version-history":[{"count":2,"href":"https:\/\/www.bbilcovo.com\/de\/wp-json\/wp\/v2\/pages\/277\/revisions"}],"predecessor-version":[{"id":439,"href":"https:\/\/www.bbilcovo.com\/de\/wp-json\/wp\/v2\/pages\/277\/revisions\/439"}],"wp:attachment":[{"href":"https:\/\/www.bbilcovo.com\/de\/wp-json\/wp\/v2\/media?parent=277"}],"curies":[{"name":"wp","href":"https:\/\/api.w.org\/{rel}","templated":true}]}}