{"id":279,"date":"2021-07-21T10:49:40","date_gmt":"2021-07-21T08:49:40","guid":{"rendered":"https:\/\/www.bbilcovo.com\/?page_id=279"},"modified":"2025-12-16T13:35:41","modified_gmt":"2025-12-16T12:35:41","slug":"information","status":"publish","type":"page","link":"https:\/\/www.bbilcovo.com\/de\/information\/","title":{"rendered":"Information"},"content":{"rendered":"<div class=\"fusion-fullwidth fullwidth-box fusion-builder-row-1 fusion-flex-container nonhundred-percent-fullwidth non-hundred-percent-height-scrolling\" style=\"background-color: rgba(255,255,255,0);background-position: center center;background-repeat: no-repeat;border-width: 0px 0px 0px 0px;border-color:#e2e2e2;border-style:solid;\" ><div class=\"fusion-builder-row fusion-row fusion-flex-align-items-flex-start\" style=\"max-width:1248px;margin-left: calc(-4% \/ 2 );margin-right: calc(-4% \/ 2 );\"><div class=\"fusion-layout-column fusion_builder_column fusion-builder-column-0 fusion_builder_column_1_1 1_1 fusion-flex-column\"><div class=\"fusion-column-wrapper fusion-flex-justify-content-flex-start fusion-content-layout-column\" style=\"background-position:left top;background-repeat:no-repeat;-webkit-background-size:cover;-moz-background-size:cover;-o-background-size:cover;background-size:cover;padding: 0px 0px 0px 0px;\"><style type=\"text\/css\">@media only screen and (max-width:1024px) {.fusion-title.fusion-title-1{margin-top:10px!important; margin-right:0px!important;margin-bottom:15px!important;margin-left:0px!important;}}@media only screen and (max-width:640px) {.fusion-title.fusion-title-1{margin-top:10px!important; margin-right:0px!important;margin-bottom:10px!important; margin-left:0px!important;}}<\/style><div class=\"fusion-title title fusion-title-1 fusion-sep-none fusion-title-center fusion-title-text fusion-title-size-one\" style=\"margin-top:10px;margin-right:0px;margin-bottom:15px;margin-left:0px;\"><h1 class=\"title-heading-center\" style=\"margin:0;\"><pre id=\"tw-target-text\" class=\"tw-data-text tw-text-large XcVN5d tw-ta\" dir=\"ltr\" data-placeholder=\"Traduzione\">Information<\/pre><\/h1><\/div><div class=\"fusion-text fusion-text-1\"><p><strong>Cin. Identifikationscode<\/strong><\/p>\n<ul>\n<li>CIN IT058091B4DWD4TECJ<\/li>\n<li>CIN IT058091B40089R6FR<\/li>\n<li>CIN IT058091B4GQICX9EM<\/li>\n<li>CIN IT058091B48OWZ676Z<\/li>\n<\/ul>\n<p><strong>Kinder und Zustellbetten<\/strong><\/p>\n<p>Ein Kind unter 2 Jahren \u00fcbernachtet kostenfrei in einem der vorhandenen Betten.<\/p>\n<p><strong>Einchecken<\/strong><\/p>\n<p>Check in: 13:00 Uhr<br \/>\nCheck out: 11:00 Uhr<\/p>\n<p><strong>Zahlungsbedingungen<\/strong><\/p>\n<p>Zur Best\u00e4tigung der Reservierung werden die Angaben Ihrer Kreditkarte als gegenseitige Garantie ben\u00f6tigt. Das B&amp;B beh\u00e4lt sich das Recht vor, die Kreditkarte im Voraus vor der Ankunft autorisieren zu lassen (ohne den Betrag einzuziehen).<\/p>\n<p><strong>Stornobedingungen<\/strong><\/p>\n<p>Bei Stornierungen oder \u00c4nderungen bis 7 Tage vor dem Anreisedatum werden keine Kosten in Rechnung gestellt. Im Falle einer spaeteren Stornierung oder bei \u201eNo-Show\u201c (Nichterscheinen) wird der volle Betrag des Aufenthalts berechnet.<\/p>\n<p><strong>Haustiere<\/strong><\/p>\n<p>Sie sind gegen Zahlung eines Aufpreises von insgesamt 15\u20ac erlaubt, um eine angemessene Reinigung und Hygiene der Umgebung f\u00fcr nachfolgende G\u00e4ste zu gew\u00e4hrleisten, die m\u00f6glicherweise besonders empfindlich auf Umgebungen reagieren, in denen sich Tiere aufgehalten haben.<\/p>\n<\/div><\/div><style type=\"text\/css\">.fusion-body .fusion-builder-column-0{width:100% !important;margin-top : 0px;margin-bottom : 20px;}.fusion-builder-column-0 > .fusion-column-wrapper {padding-top : 0px !important;padding-right : 0px !important;margin-right : 1.92%;padding-bottom : 0px !important;padding-left : 0px !important;margin-left : 1.92%;}@media only screen and (max-width:1024px) {.fusion-body .fusion-builder-column-0{width:100% !important;order : 0;}.fusion-builder-column-0 > .fusion-column-wrapper {margin-right : 1.92%;margin-left : 1.92%;}}@media only screen and (max-width:640px) {.fusion-body .fusion-builder-column-0{width:100% !important;order : 0;}.fusion-builder-column-0 > .fusion-column-wrapper {margin-right : 1.92%;margin-left : 1.92%;}}<\/style><\/div><\/div><style type=\"text\/css\">.fusion-body .fusion-flex-container.fusion-builder-row-1{ padding-top : 0px;margin-top : 0px;padding-right : 0px;padding-bottom : 0px;margin-bottom : 0px;padding-left : 0px;}<\/style><\/div>\n","protected":false},"excerpt":{"rendered":"","protected":false},"author":2,"featured_media":0,"parent":0,"menu_order":0,"comment_status":"closed","ping_status":"closed","template":"100-width.php","meta":{"footnotes":""},"class_list":["post-279","page","type-page","status-publish","hentry"],"yoast_head":"<!-- This site is optimized with the Yoast SEO plugin v16.7 - https:\/\/yoast.com\/wordpress\/plugins\/seo\/ -->\n<title>Information - Il Covo<\/title>\n<meta name=\"robots\" content=\"index, follow, max-snippet:-1, max-image-preview:large, max-video-preview:-1\" \/>\n<link rel=\"canonical\" href=\"https:\/\/www.bbilcovo.com\/de\/information\/\" \/>\n<meta property=\"og:locale\" content=\"de_DE\" \/>\n<meta property=\"og:type\" content=\"article\" \/>\n<meta property=\"og:title\" content=\"Information - Il Covo\" \/>\n<meta property=\"og:url\" content=\"https:\/\/www.bbilcovo.com\/de\/information\/\" \/>\n<meta property=\"og:site_name\" content=\"Il Covo\" \/>\n<meta property=\"article:modified_time\" content=\"2025-12-16T12:35:41+00:00\" \/>\n<meta name=\"twitter:card\" content=\"summary_large_image\" \/>\n<meta name=\"twitter:label1\" content=\"Gesch\u00e4tzte Lesezeit\" \/>\n\t<meta name=\"twitter:data1\" content=\"5\u00a0Minuten\" \/>\n<script type=\"application\/ld+json\" class=\"yoast-schema-graph\">{\"@context\":\"https:\/\/schema.org\",\"@graph\":[{\"@type\":\"WebSite\",\"@id\":\"https:\/\/www.bbilcovo.com\/#website\",\"url\":\"https:\/\/www.bbilcovo.com\/\",\"name\":\"Il Covo\",\"description\":\"Motto Il Covo\",\"potentialAction\":[{\"@type\":\"SearchAction\",\"target\":{\"@type\":\"EntryPoint\",\"urlTemplate\":\"https:\/\/www.bbilcovo.com\/?s={search_term_string}\"},\"query-input\":\"required name=search_term_string\"}],\"inLanguage\":\"de\"},{\"@type\":\"WebPage\",\"@id\":\"https:\/\/www.bbilcovo.com\/de\/information\/#webpage\",\"url\":\"https:\/\/www.bbilcovo.com\/de\/information\/\",\"name\":\"Information - Il Covo\",\"isPartOf\":{\"@id\":\"https:\/\/www.bbilcovo.com\/#website\"},\"datePublished\":\"2021-07-21T08:49:40+00:00\",\"dateModified\":\"2025-12-16T12:35:41+00:00\",\"breadcrumb\":{\"@id\":\"https:\/\/www.bbilcovo.com\/de\/information\/#breadcrumb\"},\"inLanguage\":\"de\",\"potentialAction\":[{\"@type\":\"ReadAction\",\"target\":[\"https:\/\/www.bbilcovo.com\/de\/information\/\"]}]},{\"@type\":\"BreadcrumbList\",\"@id\":\"https:\/\/www.bbilcovo.com\/de\/information\/#breadcrumb\",\"itemListElement\":[{\"@type\":\"ListItem\",\"position\":1,\"name\":\"Home\",\"item\":\"https:\/\/www.bbilcovo.com\/de\/il-covo\/\"},{\"@type\":\"ListItem\",\"position\":2,\"name\":\"Information\"}]}]}<\/script>\n<!-- \/ Yoast SEO plugin. -->","yoast_head_json":{"title":"Information - Il Covo","robots":{"index":"index","follow":"follow","max-snippet":"max-snippet:-1","max-image-preview":"max-image-preview:large","max-video-preview":"max-video-preview:-1"},"canonical":"https:\/\/www.bbilcovo.com\/de\/information\/","og_locale":"de_DE","og_type":"article","og_title":"Information - Il Covo","og_url":"https:\/\/www.bbilcovo.com\/de\/information\/","og_site_name":"Il Covo","article_modified_time":"2025-12-16T12:35:41+00:00","twitter_card":"summary_large_image","twitter_misc":{"Gesch\u00e4tzte Lesezeit":"5\u00a0Minuten"},"schema":{"@context":"https:\/\/schema.org","@graph":[{"@type":"WebSite","@id":"https:\/\/www.bbilcovo.com\/#website","url":"https:\/\/www.bbilcovo.com\/","name":"Il Covo","description":"Motto Il Covo","potentialAction":[{"@type":"SearchAction","target":{"@type":"EntryPoint","urlTemplate":"https:\/\/www.bbilcovo.com\/?s={search_term_string}"},"query-input":"required name=search_term_string"}],"inLanguage":"de"},{"@type":"WebPage","@id":"https:\/\/www.bbilcovo.com\/de\/information\/#webpage","url":"https:\/\/www.bbilcovo.com\/de\/information\/","name":"Information - Il Covo","isPartOf":{"@id":"https:\/\/www.bbilcovo.com\/#website"},"datePublished":"2021-07-21T08:49:40+00:00","dateModified":"2025-12-16T12:35:41+00:00","breadcrumb":{"@id":"https:\/\/www.bbilcovo.com\/de\/information\/#breadcrumb"},"inLanguage":"de","potentialAction":[{"@type":"ReadAction","target":["https:\/\/www.bbilcovo.com\/de\/information\/"]}]},{"@type":"BreadcrumbList","@id":"https:\/\/www.bbilcovo.com\/de\/information\/#breadcrumb","itemListElement":[{"@type":"ListItem","position":1,"name":"Home","item":"https:\/\/www.bbilcovo.com\/de\/il-covo\/"},{"@type":"ListItem","position":2,"name":"Information"}]}]}},"_links":{"self":[{"href":"https:\/\/www.bbilcovo.com\/de\/wp-json\/wp\/v2\/pages\/279","targetHints":{"allow":["GET"]}}],"collection":[{"href":"https:\/\/www.bbilcovo.com\/de\/wp-json\/wp\/v2\/pages"}],"about":[{"href":"https:\/\/www.bbilcovo.com\/de\/wp-json\/wp\/v2\/types\/page"}],"author":[{"embeddable":true,"href":"https:\/\/www.bbilcovo.com\/de\/wp-json\/wp\/v2\/users\/2"}],"replies":[{"embeddable":true,"href":"https:\/\/www.bbilcovo.com\/de\/wp-json\/wp\/v2\/comments?post=279"}],"version-history":[{"count":6,"href":"https:\/\/www.bbilcovo.com\/de\/wp-json\/wp\/v2\/pages\/279\/revisions"}],"predecessor-version":[{"id":566,"href":"https:\/\/www.bbilcovo.com\/de\/wp-json\/wp\/v2\/pages\/279\/revisions\/566"}],"wp:attachment":[{"href":"https:\/\/www.bbilcovo.com\/de\/wp-json\/wp\/v2\/media?parent=279"}],"curies":[{"name":"wp","href":"https:\/\/api.w.org\/{rel}","templated":true}]}}