{"id":257,"date":"2021-07-21T10:07:34","date_gmt":"2021-07-21T08:07:34","guid":{"rendered":"https:\/\/www.bbilcovo.com\/?page_id=257"},"modified":"2021-07-30T14:23:07","modified_gmt":"2021-07-30T12:23:07","slug":"il-covo","status":"publish","type":"page","link":"https:\/\/www.bbilcovo.com\/fr\/","title":{"rendered":"Il Covo"},"content":{"rendered":"<div class=\"fusion-fullwidth fullwidth-box fusion-builder-row-1 fusion-flex-container nonhundred-percent-fullwidth non-hundred-percent-height-scrolling\" style=\"background-color: rgba(255,255,255,0);background-position: center center;background-repeat: no-repeat;border-width: 0px 0px 0px 0px;border-color:#e2e2e2;border-style:solid;\" ><div class=\"fusion-builder-row fusion-row fusion-flex-align-items-flex-start\" style=\"max-width:1248px;margin-left: calc(-4% \/ 2 );margin-right: calc(-4% \/ 2 );\"><div class=\"fusion-layout-column fusion_builder_column fusion-builder-column-0 fusion_builder_column_1_1 1_1 fusion-flex-column\"><div class=\"fusion-column-wrapper fusion-flex-justify-content-flex-start fusion-content-layout-column\" style=\"background-position:left top;background-repeat:no-repeat;-webkit-background-size:cover;-moz-background-size:cover;-o-background-size:cover;background-size:cover;padding: 0px 0px 0px 0px;\"><style type=\"text\/css\">@media only screen and (max-width:1024px) {.fusion-title.fusion-title-1{margin-top:10px!important; margin-right:0px!important;margin-bottom:15px!important;margin-left:0px!important;}}@media only screen and (max-width:640px) {.fusion-title.fusion-title-1{margin-top:10px!important; margin-right:0px!important;margin-bottom:10px!important; margin-left:0px!important;}}<\/style><div class=\"fusion-title title fusion-title-1 fusion-sep-none fusion-title-center fusion-title-text fusion-title-size-one\" style=\"margin-top:10px;margin-right:0px;margin-bottom:15px;margin-left:0px;\"><h1 class=\"title-heading-center\" style=\"margin:0;\">Il Covo<\/h1><\/div><div class=\"fusion-text fusion-text-1\"><p>Il Covo est un B&amp;B, idyllique et \u00e9l\u00e9gant \u00e0 la fois. Situ\u00e9 au c\u0153ur de Rome, \u00e0 quelques pas des lieux cl\u00e9s de la ville, Il Covo accueille ses h\u00f4tes dans l&rsquo;un des plus beaux et anciens quartiers de Rome, Rione Monti. Le B&amp;B du quartier Monti se trouve \u00e0 500 m\u00e8tres du Quirinale et \u00e0 700 m\u00e8tres de la Piazza Venezia.<\/p>\n<p>Consid\u00e9r\u00e9 comme l&rsquo;un des h\u00e9bergements avec des chambres donnant sur le Colis\u00e9e, Il Covo B&amp;B dispose d&rsquo;un bar et d&rsquo;une connexion Wi-Fi gratuite. De plus, la r\u00e9ception sera \u00e0 votre disposition 24h\/24 pour r\u00e9pondre \u00e0 tous vos besoins et exigences.<\/p>\n<p>Confort et efficacit\u00e9 sont les ma\u00eetres mots de l&rsquo;h\u00f4tel, adapt\u00e9 \u00e0 tout type de vacances, du tourisme aux affaires. Au moment du repas fondamental pour commencer du bon pied votre journ\u00e9e de visites ou d&rsquo;engagements dans la ville de Rome, petit-d\u00e9jeuner, d\u00e9gustez les sp\u00e9cialit\u00e9s de notre buffet et profitez des magnifiques paysages que la capitale de l&rsquo;Italie a \u00e0 vous offrir du haut d&rsquo;une magnifique terrasse. Admirez le Colis\u00e9e, les forums imp\u00e9riaux et ses deux rues principales: Via Nazionale et Via Cavour.<\/p>\n<p>Toutes les chambres sont modernes et \u00e9quip\u00e9es de tout le confort dont: Climatisation, minibar, TV satellite, salle de bain priv\u00e9e, Wi-Fi et bien plus encore. Vous pouvez choisir parmi une vari\u00e9t\u00e9 de chambres pour tous vos besoins. Le mobilier est un m\u00e9lange parfait de classicisme et de modernisme, plongeant le client dans une atmosph\u00e8re de conte de f\u00e9es. Le tout dans le d\u00e9cor d&rsquo;une Rome antique.<\/p>\n<\/div><\/div><style type=\"text\/css\">.fusion-body .fusion-builder-column-0{width:100% !important;margin-top : 0px;margin-bottom : 0px;}.fusion-builder-column-0 > .fusion-column-wrapper {padding-top : 0px !important;padding-right : 0px !important;margin-right : 1.92%;padding-bottom : 0px !important;padding-left : 0px !important;margin-left : 1.92%;}@media only screen and (max-width:1024px) {.fusion-body .fusion-builder-column-0{width:100% !important;}.fusion-builder-column-0 > .fusion-column-wrapper {margin-right : 1.92%;margin-left : 1.92%;}}@media only screen and (max-width:640px) {.fusion-body .fusion-builder-column-0{width:100% !important;}.fusion-builder-column-0 > .fusion-column-wrapper {margin-right : 1.92%;margin-left : 1.92%;}}<\/style><\/div><\/div><style type=\"text\/css\">.fusion-body .fusion-flex-container.fusion-builder-row-1{ padding-top : 0px;margin-top : 0px;padding-right : 0px;padding-bottom : 0px;margin-bottom : 0px;padding-left : 0px;}<\/style><\/div>\n","protected":false},"excerpt":{"rendered":"","protected":false},"author":2,"featured_media":0,"parent":0,"menu_order":0,"comment_status":"closed","ping_status":"closed","template":"100-width.php","meta":{"footnotes":""},"class_list":["post-257","page","type-page","status-publish","hentry"],"yoast_head":"<!-- This site is optimized with the Yoast SEO plugin v16.7 - https:\/\/yoast.com\/wordpress\/plugins\/seo\/ -->\n<title>Il Covo - Il Covo<\/title>\n<meta name=\"robots\" content=\"index, follow, max-snippet:-1, max-image-preview:large, max-video-preview:-1\" \/>\n<link rel=\"canonical\" href=\"https:\/\/www.bbilcovo.com\/fr\/il-covo\/\" \/>\n<meta property=\"og:locale\" content=\"fr_FR\" \/>\n<meta property=\"og:type\" content=\"article\" \/>\n<meta property=\"og:title\" content=\"Il Covo - Il Covo\" \/>\n<meta property=\"og:url\" content=\"https:\/\/www.bbilcovo.com\/fr\/il-covo\/\" \/>\n<meta property=\"og:site_name\" content=\"Il Covo\" \/>\n<meta property=\"article:modified_time\" content=\"2021-07-30T12:23:07+00:00\" \/>\n<meta name=\"twitter:card\" content=\"summary_large_image\" \/>\n<meta name=\"twitter:label1\" content=\"Dur\u00e9e de lecture est.\" \/>\n\t<meta name=\"twitter:data1\" content=\"3 minutes\" \/>\n<script type=\"application\/ld+json\" class=\"yoast-schema-graph\">{\"@context\":\"https:\/\/schema.org\",\"@graph\":[{\"@type\":\"WebSite\",\"@id\":\"https:\/\/www.bbilcovo.com\/#website\",\"url\":\"https:\/\/www.bbilcovo.com\/\",\"name\":\"Il Covo\",\"description\":\"Motto Il Covo\",\"potentialAction\":[{\"@type\":\"SearchAction\",\"target\":{\"@type\":\"EntryPoint\",\"urlTemplate\":\"https:\/\/www.bbilcovo.com\/?s={search_term_string}\"},\"query-input\":\"required name=search_term_string\"}],\"inLanguage\":\"fr-FR\"},{\"@type\":\"WebPage\",\"@id\":\"https:\/\/www.bbilcovo.com\/fr\/il-covo\/#webpage\",\"url\":\"https:\/\/www.bbilcovo.com\/fr\/il-covo\/\",\"name\":\"Il Covo - Il Covo\",\"isPartOf\":{\"@id\":\"https:\/\/www.bbilcovo.com\/#website\"},\"datePublished\":\"2021-07-21T08:07:34+00:00\",\"dateModified\":\"2021-07-30T12:23:07+00:00\",\"breadcrumb\":{\"@id\":\"https:\/\/www.bbilcovo.com\/fr\/il-covo\/#breadcrumb\"},\"inLanguage\":\"fr-FR\",\"potentialAction\":[{\"@type\":\"ReadAction\",\"target\":[\"https:\/\/www.bbilcovo.com\/fr\/il-covo\/\"]}]},{\"@type\":\"BreadcrumbList\",\"@id\":\"https:\/\/www.bbilcovo.com\/fr\/il-covo\/#breadcrumb\",\"itemListElement\":[{\"@type\":\"ListItem\",\"position\":1,\"name\":\"Home\",\"item\":\"https:\/\/www.bbilcovo.com\/fr\/il-covo\/\"},{\"@type\":\"ListItem\",\"position\":2,\"name\":\"Il Covo\"}]}]}<\/script>\n<!-- \/ Yoast SEO plugin. -->","yoast_head_json":{"title":"Il Covo - Il Covo","robots":{"index":"index","follow":"follow","max-snippet":"max-snippet:-1","max-image-preview":"max-image-preview:large","max-video-preview":"max-video-preview:-1"},"canonical":"https:\/\/www.bbilcovo.com\/fr\/il-covo\/","og_locale":"fr_FR","og_type":"article","og_title":"Il Covo - Il Covo","og_url":"https:\/\/www.bbilcovo.com\/fr\/il-covo\/","og_site_name":"Il Covo","article_modified_time":"2021-07-30T12:23:07+00:00","twitter_card":"summary_large_image","twitter_misc":{"Dur\u00e9e de lecture est.":"3 minutes"},"schema":{"@context":"https:\/\/schema.org","@graph":[{"@type":"WebSite","@id":"https:\/\/www.bbilcovo.com\/#website","url":"https:\/\/www.bbilcovo.com\/","name":"Il Covo","description":"Motto Il Covo","potentialAction":[{"@type":"SearchAction","target":{"@type":"EntryPoint","urlTemplate":"https:\/\/www.bbilcovo.com\/?s={search_term_string}"},"query-input":"required name=search_term_string"}],"inLanguage":"fr-FR"},{"@type":"WebPage","@id":"https:\/\/www.bbilcovo.com\/fr\/il-covo\/#webpage","url":"https:\/\/www.bbilcovo.com\/fr\/il-covo\/","name":"Il Covo - Il Covo","isPartOf":{"@id":"https:\/\/www.bbilcovo.com\/#website"},"datePublished":"2021-07-21T08:07:34+00:00","dateModified":"2021-07-30T12:23:07+00:00","breadcrumb":{"@id":"https:\/\/www.bbilcovo.com\/fr\/il-covo\/#breadcrumb"},"inLanguage":"fr-FR","potentialAction":[{"@type":"ReadAction","target":["https:\/\/www.bbilcovo.com\/fr\/il-covo\/"]}]},{"@type":"BreadcrumbList","@id":"https:\/\/www.bbilcovo.com\/fr\/il-covo\/#breadcrumb","itemListElement":[{"@type":"ListItem","position":1,"name":"Home","item":"https:\/\/www.bbilcovo.com\/fr\/il-covo\/"},{"@type":"ListItem","position":2,"name":"Il Covo"}]}]}},"_links":{"self":[{"href":"https:\/\/www.bbilcovo.com\/fr\/wp-json\/wp\/v2\/pages\/257","targetHints":{"allow":["GET"]}}],"collection":[{"href":"https:\/\/www.bbilcovo.com\/fr\/wp-json\/wp\/v2\/pages"}],"about":[{"href":"https:\/\/www.bbilcovo.com\/fr\/wp-json\/wp\/v2\/types\/page"}],"author":[{"embeddable":true,"href":"https:\/\/www.bbilcovo.com\/fr\/wp-json\/wp\/v2\/users\/2"}],"replies":[{"embeddable":true,"href":"https:\/\/www.bbilcovo.com\/fr\/wp-json\/wp\/v2\/comments?post=257"}],"version-history":[{"count":3,"href":"https:\/\/www.bbilcovo.com\/fr\/wp-json\/wp\/v2\/pages\/257\/revisions"}],"predecessor-version":[{"id":438,"href":"https:\/\/www.bbilcovo.com\/fr\/wp-json\/wp\/v2\/pages\/257\/revisions\/438"}],"wp:attachment":[{"href":"https:\/\/www.bbilcovo.com\/fr\/wp-json\/wp\/v2\/media?parent=257"}],"curies":[{"name":"wp","href":"https:\/\/api.w.org\/{rel}","templated":true}]}}