{"id":262,"date":"2021-07-21T10:12:38","date_gmt":"2021-07-21T08:12:38","guid":{"rendered":"https:\/\/www.bbilcovo.com\/?page_id=262"},"modified":"2025-12-16T13:50:35","modified_gmt":"2025-12-16T12:50:35","slug":"histoire","status":"publish","type":"page","link":"https:\/\/www.bbilcovo.com\/fr\/histoire\/","title":{"rendered":"Histoire"},"content":{"rendered":"<div class=\"fusion-fullwidth fullwidth-box fusion-builder-row-1 fusion-flex-container nonhundred-percent-fullwidth non-hundred-percent-height-scrolling\" style=\"background-color: rgba(255,255,255,0);background-position: center center;background-repeat: no-repeat;border-width: 0px 0px 0px 0px;border-color:#e2e2e2;border-style:solid;\" ><div class=\"fusion-builder-row fusion-row fusion-flex-align-items-flex-start\" style=\"max-width:1248px;margin-left: calc(-4% \/ 2 );margin-right: calc(-4% \/ 2 );\"><div class=\"fusion-layout-column fusion_builder_column fusion-builder-column-0 fusion_builder_column_1_1 1_1 fusion-flex-column\"><div class=\"fusion-column-wrapper fusion-flex-justify-content-flex-start fusion-content-layout-column\" style=\"background-position:left top;background-repeat:no-repeat;-webkit-background-size:cover;-moz-background-size:cover;-o-background-size:cover;background-size:cover;padding: 0px 0px 0px 0px;\"><style type=\"text\/css\">@media only screen and (max-width:1024px) {.fusion-title.fusion-title-1{margin-top:10px!important; margin-right:0px!important;margin-bottom:15px!important;margin-left:0px!important;}}@media only screen and (max-width:640px) {.fusion-title.fusion-title-1{margin-top:10px!important; margin-right:0px!important;margin-bottom:10px!important; margin-left:0px!important;}}<\/style><div class=\"fusion-title title fusion-title-1 fusion-sep-none fusion-title-center fusion-title-text fusion-title-size-one\" style=\"margin-top:10px;margin-right:0px;margin-bottom:15px;margin-left:0px;\"><h1 class=\"title-heading-center\" style=\"margin:0;\">L&rsquo;histoire<\/h1><\/div><div class=\"fusion-text fusion-text-1\"><p>Le B&amp;B Il Covo est situ\u00e9 dans le quartier historique de Rome, Monti, au centre de la capitale. Notre structure est situ\u00e9e entre deux routes principales telles que: <strong>Via Nazionale et Via Cavour<\/strong>. Les monuments les plus c\u00e9l\u00e8bres de la ville sont accessibles \u00e0 pied, tels que: le Colis\u00e9e, symbole de Rome depuis 753 av. Forum imp\u00e9rial; place de Venise; Fontaine de Trevi et Place d&rsquo;Espagne. A quelques minutes du B&amp;B Il Covo, il y a aussi plusieurs des b\u00e2timents institutionnels qui sont les plus influents du pays tels que: la Banque d&rsquo;Italie; le Capitole; le Palais du Quirinal et de multiples Minist\u00e8res.<\/p>\n<p>Les mus\u00e9es les plus importants et fascinants de Rome sont tous \u00e0 quelques m\u00e8tres, tels que: le Capitole; des forums imp\u00e9riaux; des march\u00e9s de Trajan; le Palazzo delle Esposizioni et les \u00c9curies du Quirinal; tous extr\u00eamement proches. Les transports publics fondamentaux pour chaque type de voyageur, qu&rsquo;il soit vacancier ou travailleur, sont \u00e0 port\u00e9e de main, \u00e9galement \u00e0 la gare principale de la ville Roma Termini, qui peut \u00eatre utilis\u00e9e pour tous les types de d\u00e9placements, y compris ceux pour les deux a\u00e9roports de <strong>Rome Fiumicino<\/strong> (FCO) et <strong>Rome Ciampino<\/strong> (CIA).<\/p>\n<p><strong>Rione Monti<\/strong> est un quartier capable de m\u00ealer histoire et classicisme: galeries d&rsquo;art, boutiques d&rsquo;artisans, caves, bars et restaurants, r\u00e9v\u00e8lent l&rsquo;\u00e2me de ce quartier, charg\u00e9 d&rsquo;histoire mais toujours en phase avec l&rsquo;\u00e9volution des temps ; aujourd&rsquo;hui Monti est consid\u00e9r\u00e9 comme le quartier le plus populaire de la capitale.<\/p>\n<p>D\u00e9couvrez la r\u00e9gion depuis les premi\u00e8res lueurs de l&rsquo;aube jusqu&rsquo;au coucher du soleil, lorsque tout le quartier se transforme en une grande f\u00eate de jeunes et de touristes, qui remplissent les ruelles compos\u00e9es des anciens \u00ab\u00a0<strong>Sanpietrini<\/strong>\u00ab\u00a0. Du petit-d\u00e9jeuner \u00e0 l\u2019ap\u00e9ritif, pour le d\u00eener ou un verre apr\u00e8s le d\u00eener, nous vous recommandons le bar historique du Rione, <strong data-start=\"380\" data-end=\"404\">La Bottega del Caff\u00e8<\/strong>, sur la splendide <strong data-start=\"423\" data-end=\"451\">Piazza Madonna dei Monti<\/strong>, o\u00f9, avec toute la chaleur de la ville, il accompagnera chaque moment de la journ\u00e9e avec le parfum d\u2019un bon vin et l\u2019\u00e9nergie p\u00e9tillante des cocktails.<\/p>\n<\/div><\/div><style type=\"text\/css\">.fusion-body .fusion-builder-column-0{width:100% !important;margin-top : 0px;margin-bottom : 20px;}.fusion-builder-column-0 > .fusion-column-wrapper {padding-top : 0px !important;padding-right : 0px !important;margin-right : 1.92%;padding-bottom : 0px !important;padding-left : 0px !important;margin-left : 1.92%;}@media only screen and (max-width:1024px) {.fusion-body .fusion-builder-column-0{width:100% !important;order : 0;}.fusion-builder-column-0 > .fusion-column-wrapper {margin-right : 1.92%;margin-left : 1.92%;}}@media only screen and (max-width:640px) {.fusion-body .fusion-builder-column-0{width:100% !important;order : 0;}.fusion-builder-column-0 > .fusion-column-wrapper {margin-right : 1.92%;margin-left : 1.92%;}}<\/style><\/div><\/div><style type=\"text\/css\">.fusion-body .fusion-flex-container.fusion-builder-row-1{ padding-top : 0px;margin-top : 0px;padding-right : 0px;padding-bottom : 0px;margin-bottom : 0px;padding-left : 0px;}<\/style><\/div>\n","protected":false},"excerpt":{"rendered":"","protected":false},"author":2,"featured_media":0,"parent":0,"menu_order":0,"comment_status":"closed","ping_status":"closed","template":"100-width.php","meta":{"footnotes":""},"class_list":["post-262","page","type-page","status-publish","hentry"],"yoast_head":"<!-- This site is optimized with the Yoast SEO plugin v16.7 - https:\/\/yoast.com\/wordpress\/plugins\/seo\/ -->\n<title>Histoire - Il Covo<\/title>\n<meta name=\"robots\" content=\"index, follow, max-snippet:-1, max-image-preview:large, max-video-preview:-1\" \/>\n<link rel=\"canonical\" href=\"https:\/\/www.bbilcovo.com\/fr\/histoire\/\" \/>\n<meta property=\"og:locale\" content=\"fr_FR\" \/>\n<meta property=\"og:type\" content=\"article\" \/>\n<meta property=\"og:title\" content=\"Histoire - Il Covo\" \/>\n<meta property=\"og:url\" content=\"https:\/\/www.bbilcovo.com\/fr\/histoire\/\" \/>\n<meta property=\"og:site_name\" content=\"Il Covo\" \/>\n<meta property=\"article:modified_time\" content=\"2025-12-16T12:50:35+00:00\" \/>\n<meta name=\"twitter:card\" content=\"summary_large_image\" \/>\n<meta name=\"twitter:label1\" content=\"Dur\u00e9e de lecture est.\" \/>\n\t<meta name=\"twitter:data1\" content=\"6 minutes\" \/>\n<script type=\"application\/ld+json\" class=\"yoast-schema-graph\">{\"@context\":\"https:\/\/schema.org\",\"@graph\":[{\"@type\":\"WebSite\",\"@id\":\"https:\/\/www.bbilcovo.com\/#website\",\"url\":\"https:\/\/www.bbilcovo.com\/\",\"name\":\"Il Covo\",\"description\":\"Motto Il Covo\",\"potentialAction\":[{\"@type\":\"SearchAction\",\"target\":{\"@type\":\"EntryPoint\",\"urlTemplate\":\"https:\/\/www.bbilcovo.com\/?s={search_term_string}\"},\"query-input\":\"required name=search_term_string\"}],\"inLanguage\":\"fr-FR\"},{\"@type\":\"WebPage\",\"@id\":\"https:\/\/www.bbilcovo.com\/fr\/histoire\/#webpage\",\"url\":\"https:\/\/www.bbilcovo.com\/fr\/histoire\/\",\"name\":\"Histoire - Il Covo\",\"isPartOf\":{\"@id\":\"https:\/\/www.bbilcovo.com\/#website\"},\"datePublished\":\"2021-07-21T08:12:38+00:00\",\"dateModified\":\"2025-12-16T12:50:35+00:00\",\"breadcrumb\":{\"@id\":\"https:\/\/www.bbilcovo.com\/fr\/histoire\/#breadcrumb\"},\"inLanguage\":\"fr-FR\",\"potentialAction\":[{\"@type\":\"ReadAction\",\"target\":[\"https:\/\/www.bbilcovo.com\/fr\/histoire\/\"]}]},{\"@type\":\"BreadcrumbList\",\"@id\":\"https:\/\/www.bbilcovo.com\/fr\/histoire\/#breadcrumb\",\"itemListElement\":[{\"@type\":\"ListItem\",\"position\":1,\"name\":\"Home\",\"item\":\"https:\/\/www.bbilcovo.com\/fr\/il-covo\/\"},{\"@type\":\"ListItem\",\"position\":2,\"name\":\"Histoire\"}]}]}<\/script>\n<!-- \/ Yoast SEO plugin. -->","yoast_head_json":{"title":"Histoire - Il Covo","robots":{"index":"index","follow":"follow","max-snippet":"max-snippet:-1","max-image-preview":"max-image-preview:large","max-video-preview":"max-video-preview:-1"},"canonical":"https:\/\/www.bbilcovo.com\/fr\/histoire\/","og_locale":"fr_FR","og_type":"article","og_title":"Histoire - Il Covo","og_url":"https:\/\/www.bbilcovo.com\/fr\/histoire\/","og_site_name":"Il Covo","article_modified_time":"2025-12-16T12:50:35+00:00","twitter_card":"summary_large_image","twitter_misc":{"Dur\u00e9e de lecture est.":"6 minutes"},"schema":{"@context":"https:\/\/schema.org","@graph":[{"@type":"WebSite","@id":"https:\/\/www.bbilcovo.com\/#website","url":"https:\/\/www.bbilcovo.com\/","name":"Il Covo","description":"Motto Il Covo","potentialAction":[{"@type":"SearchAction","target":{"@type":"EntryPoint","urlTemplate":"https:\/\/www.bbilcovo.com\/?s={search_term_string}"},"query-input":"required name=search_term_string"}],"inLanguage":"fr-FR"},{"@type":"WebPage","@id":"https:\/\/www.bbilcovo.com\/fr\/histoire\/#webpage","url":"https:\/\/www.bbilcovo.com\/fr\/histoire\/","name":"Histoire - Il Covo","isPartOf":{"@id":"https:\/\/www.bbilcovo.com\/#website"},"datePublished":"2021-07-21T08:12:38+00:00","dateModified":"2025-12-16T12:50:35+00:00","breadcrumb":{"@id":"https:\/\/www.bbilcovo.com\/fr\/histoire\/#breadcrumb"},"inLanguage":"fr-FR","potentialAction":[{"@type":"ReadAction","target":["https:\/\/www.bbilcovo.com\/fr\/histoire\/"]}]},{"@type":"BreadcrumbList","@id":"https:\/\/www.bbilcovo.com\/fr\/histoire\/#breadcrumb","itemListElement":[{"@type":"ListItem","position":1,"name":"Home","item":"https:\/\/www.bbilcovo.com\/fr\/il-covo\/"},{"@type":"ListItem","position":2,"name":"Histoire"}]}]}},"_links":{"self":[{"href":"https:\/\/www.bbilcovo.com\/fr\/wp-json\/wp\/v2\/pages\/262","targetHints":{"allow":["GET"]}}],"collection":[{"href":"https:\/\/www.bbilcovo.com\/fr\/wp-json\/wp\/v2\/pages"}],"about":[{"href":"https:\/\/www.bbilcovo.com\/fr\/wp-json\/wp\/v2\/types\/page"}],"author":[{"embeddable":true,"href":"https:\/\/www.bbilcovo.com\/fr\/wp-json\/wp\/v2\/users\/2"}],"replies":[{"embeddable":true,"href":"https:\/\/www.bbilcovo.com\/fr\/wp-json\/wp\/v2\/comments?post=262"}],"version-history":[{"count":3,"href":"https:\/\/www.bbilcovo.com\/fr\/wp-json\/wp\/v2\/pages\/262\/revisions"}],"predecessor-version":[{"id":572,"href":"https:\/\/www.bbilcovo.com\/fr\/wp-json\/wp\/v2\/pages\/262\/revisions\/572"}],"wp:attachment":[{"href":"https:\/\/www.bbilcovo.com\/fr\/wp-json\/wp\/v2\/media?parent=262"}],"curies":[{"name":"wp","href":"https:\/\/api.w.org\/{rel}","templated":true}]}}